{"id":50,"date":"2020-09-25T12:26:36","date_gmt":"2020-09-25T10:26:36","guid":{"rendered":"https:\/\/sct-g.dk\/vestjysk\/?page_id=50"},"modified":"2020-09-26T21:34:08","modified_gmt":"2020-09-26T19:34:08","slug":"historie","status":"publish","type":"page","link":"https:\/\/sct-g.dk\/vestjysk\/historie\/","title":{"rendered":"Grundlag"},"content":{"rendered":"\n<p><\/p>\n\n\n\n<div class=\"wp-block-columns is-layout-flex wp-container-core-columns-is-layout-9d6595d7 wp-block-columns-is-layout-flex\">\n<div class=\"wp-block-column is-layout-flow wp-block-column-is-layout-flow\">\n<p><strong>Sct. Georgs Gilderne i DanmarkSct. Georgs Gilderne i Danmark<\/strong><\/p>\n\n\n\n<p>Sct. Georgs Gilderne i Danmark, der har udgangspunkt i spejderbev\u00e6gelsens principper, er et f\u00e6llesskab for voksne, hvor medlemmerne tilstr\u00e6ber at leve efter gildeidealerne og at oms\u00e6tte disse i praksis. Vi er ikke en loge, men en organisation, der st\u00f8tter spejderarbejde, og&nbsp;i h\u00f8j grad ogs\u00e5 udf\u00f8rer humanit\u00e6rt arbejde b\u00e5de lokalt og p\u00e5 landsplan. Vi indsamler midler ved aktiviteter i de enkelte gilder, og&nbsp;Gildebev\u00e6gelsen er \u00e5ben for alle uden hensyn til oprindelse, race eller tro.<\/p>\n\n\n\n<p>Sct. Georgs Gilderne tager ikke stilling i partipolitiske anliggender. Derimod forventes det, at medlemmerne tager stilling i samfundsm\u00e6ssige, etiske og religi\u00f8se sp\u00f8rgsm\u00e5l.<\/p>\n\n\n\n<p>Sct. Georgs Gilderne bliver ofte opfattet som en loge, men er ikke loge pr\u00e6get. Vi tager udgangspunkt i spejderid\u00e9ens grundl\u00e6ggende principper med fokus p\u00e5 personlig udvikling samt \u00f8konomisk hj\u00e6lp, prim\u00e6rt med fokus p\u00e5 b\u00f8rn og unge i lokalomr\u00e5det.<\/p>\n\n\n\n<p>Gilderne er \u00e5bne for personer der sympatiserer med bev\u00e6gelsens form\u00e5l. Vi optager b\u00e5de kvinder og m\u00e6nd.<\/p>\n\n\n\n<p><strong>V\u00e6rdigrundlag<\/strong>&nbsp;<\/p>\n\n\n\n<p>En af vores grundl\u00e6ggende v\u00e6rdier er at etablere kammeratskab \/ venskab og dette opn\u00e5s gennem arbejdet med gildets drift samt gennemf\u00f8relse af pengerejsnings projekter med henblik p\u00e5 at kunne yde \u00f8konomisk\/humanit\u00e6r hj\u00e6lp lokalt, nationalt og internationalt.<\/p>\n\n\n\n<p>De lokale Sct. Georgs Gilder best\u00e5r typisk af 20 \u2013 30 personer, der m\u00f8des 2 gange om m\u00e5neden, hvor vi veksler mellem foredrag om samfundsm\u00e6ssige emner samt planl\u00e6gning af kommende projekter.<\/p>\n\n\n\n<p><strong>Sct. Georgs Gildernes form\u00e5l<\/strong><\/p>\n\n\n\n<ul class=\"wp-block-list\"><li>At sikre det enkelte medlems mulighed for personlig udvikling.<\/li><li>I f\u00e6llesskab med andre medlemmer at p\u00e5tage sig humanit\u00e6re opgaver i lokalsamfundet \u2013 nationalt og globalt<\/li><\/ul>\n\n\n\n<p><strong>Princippet er 3 delt og danner grundlag for vores arbejde<\/strong><\/p>\n\n\n\n<ul class=\"wp-block-list\"><li>Den enkelte har ansvaret for sin egen personlige udvikling.<\/li><li>Den enkelte tager ansvar overfor eget Gilde og Gildebev\u00e6gelsen.<\/li><li>Den enkelte viser ansvar overfor det samfund, vi er en del af.<\/li><\/ul>\n\n\n\n<p><strong>Gildeloven<\/strong>:<br>Enhver gildebror g\u00f8r sit bedste for<\/p>\n\n\n\n<ul class=\"wp-block-list\"><li>at n\u00e5 frem til en livsanskuelse, en personlig stilling til grundlaget for sin tilv\u00e6relse,<\/li><li>at erkende sine fejl og rette dem,<\/li><li>at n\u00e5 til beherskelse af sit sind,<\/li><li>at have respekt for det, der har v\u00e6rdi for andre,<\/li><li>at v\u00e6re venlig og forst\u00e5ende overfor andre,<\/li><li>at g\u00f8re livet gladere og lysere for andre,<\/li><li>at tage medansvar i familie og samfund,<\/li><li>at v\u00e6rne naturen og vore nationale v\u00e6rdier,<\/li><li>at virke for international forst\u00e5else,<\/li><li>at g\u00f8re sin pligt frem for at kr\u00e6ve sin ret<\/li><\/ul>\n<\/div>\n\n\n\n<div class=\"wp-block-column is-layout-flow wp-block-column-is-layout-flow\">\n<p><strong>Gildel\u00f8ftet<\/strong><\/p>\n\n\n\n<p><strong>Jeg lover oprigtigt at str\u00e6be efter<\/strong><\/p>\n\n\n\n<ul class=\"wp-block-list\"><li>at holde gildeloven,<\/li><li>at hj\u00e6lpe andre,<\/li><li>at f\u00f8re et Sct. Georgs sv\u00e6rd mod det onde i mig selv og for det,<\/li><li>som efter min overbevisning er ret og rigtigt<\/li><\/ul>\n\n\n\n<p><strong>Arbejdsform<\/strong><\/p>\n\n\n\n<p>Gildernes arbejdsform skal st\u00f8tte gildebr\u00f8drene i det praktiske arbejde med at efterleve&nbsp;gildelov og -l\u00f8fte og gildernes form\u00e5l, idet der tilstr\u00e6bes en vekselvirkning mellem&nbsp;individuel udfoldelse og samarbejde med andre.<\/p>\n\n\n\n<p><strong>Arbejdsformen kan v\u00e6re<\/strong><\/p>\n\n\n\n<ul class=\"wp-block-list\"><li>Personlig udvikling gennem svende-, v\u00e6bner- og ridder tid, for at tilsikre at den enkelte altid besidder de kompetencer , der skal til, for at f\u00e6llesskabet kan udf\u00f8re sine opgaver.<\/li><li>Arbejde i grupper, hvor man st\u00f8tter hinanden i udf\u00f8relsen af de enkelte aktiviteter, f. eks. indsamlinger til humanit\u00e6re form\u00e5l.<\/li><li>Projekter, hvor man samles i interesse f\u00e6llesskaber, med henblik p\u00e5 at l\u00f8se specifikke opgaver p\u00e5 tv\u00e6rs af organisationen.<\/li><li>Debatskabende aktiviteter og m\u00f8der i Gildet.<\/li><\/ul>\n\n\n\n<p><strong>F\u00e6llesskabskultur i Sct. Georgs Gilderne i Danmark<\/strong><\/p>\n\n\n\n<p><strong>Personlig udvikling<\/strong><\/p>\n\n\n\n<ul class=\"wp-block-list\"><li>Vi involverer os, s\u00f8ger ny viden, deler viden, hj\u00e6lper p\u00e5 eget initiativ.<\/li><li>Vi arbejder p\u00e5 at udvikle os til \u201dHELE\u201d mennesker.<\/li><li>Vi tager personlig stilling til grundlaget for vores tilv\u00e6relse, herunder \u00e5ndelige og etiske sp\u00f8rgsm\u00e5l.<\/li><li>Vi lytter, giver positiv kritik og respekterer forskellighed.<\/li><li>Vi udvikler vores sociale netv\u00e6rk.<\/li><\/ul>\n\n\n\n<p><strong>F\u00e6llesskabet<\/strong><\/p>\n\n\n\n<ul class=\"wp-block-list\"><li>Vi respekterer andres v\u00e6rdier og anerkender faglighed og kompetencer.<\/li><li>Vi viser empati og anerkender, at vi er forskellige og opfordrer til \u00e5benhed.<\/li><li>Vi bakker op om vores Gilde og Gildebev\u00e6gelsen.<\/li><li>Vi udvikler vores Gilde og Gildebev\u00e6gelsen i takt med samfundets udvikling.<\/li><\/ul>\n\n\n\n<p><strong>Samfundet<\/strong><\/p>\n\n\n\n<ul class=\"wp-block-list\"><li>Vi er aktive i lokalsamfundet og handler dels selvst\u00e6ndigt og dels i f\u00e6llesskab.<\/li><li>Vi er parate til at engagere os i relevante opgavel\u00f8sninger.<\/li><li>Vi st\u00f8tter spejderarbejdet i lokal omr\u00e5det.<\/li><li>Vi udvikler og st\u00f8tter humanit\u00e6rt arbejde.<\/li><li>Vi tager ansvar i samfundet.<\/li><li>Vi v\u00e6rner om milj\u00f8et og vore nationale v\u00e6rdier.<\/li><\/ul>\n<\/div>\n<\/div>\n","protected":false},"excerpt":{"rendered":"<p>Sct. Georgs Gilderne i DanmarkSct. Georgs Gilderne i Danmark Sct. Georgs Gilderne i Danmark, der har udgangspunkt i spejderbev\u00e6gelsens principper, er et f\u00e6llesskab for voksne, hvor medlemmerne tilstr\u00e6ber at leve efter gildeidealerne og at oms\u00e6tte disse i praksis. Vi er <a class=\"more-link\" href=\"https:\/\/sct-g.dk\/vestjysk\/historie\/\">Forts\u00e6t l\u00e6sning  <span class=\"screen-reader-text\">  Grundlag<\/span><span class=\"meta-nav\">&rarr;<\/span><\/a><\/p>\n","protected":false},"author":26,"featured_media":0,"parent":0,"menu_order":0,"comment_status":"closed","ping_status":"closed","template":"page-disable-sidebar.php","meta":{"footnotes":""},"class_list":["post-50","page","type-page","status-publish","hentry"],"_links":{"self":[{"href":"https:\/\/sct-g.dk\/vestjysk\/wp-json\/wp\/v2\/pages\/50","targetHints":{"allow":["GET"]}}],"collection":[{"href":"https:\/\/sct-g.dk\/vestjysk\/wp-json\/wp\/v2\/pages"}],"about":[{"href":"https:\/\/sct-g.dk\/vestjysk\/wp-json\/wp\/v2\/types\/page"}],"author":[{"embeddable":true,"href":"https:\/\/sct-g.dk\/vestjysk\/wp-json\/wp\/v2\/users\/26"}],"replies":[{"embeddable":true,"href":"https:\/\/sct-g.dk\/vestjysk\/wp-json\/wp\/v2\/comments?post=50"}],"version-history":[{"count":8,"href":"https:\/\/sct-g.dk\/vestjysk\/wp-json\/wp\/v2\/pages\/50\/revisions"}],"predecessor-version":[{"id":96,"href":"https:\/\/sct-g.dk\/vestjysk\/wp-json\/wp\/v2\/pages\/50\/revisions\/96"}],"wp:attachment":[{"href":"https:\/\/sct-g.dk\/vestjysk\/wp-json\/wp\/v2\/media?parent=50"}],"curies":[{"name":"wp","href":"https:\/\/api.w.org\/{rel}","templated":true}]}}