{"id":18,"date":"2020-08-30T21:44:42","date_gmt":"2020-08-30T19:44:42","guid":{"rendered":"https:\/\/sct-g.dk\/vestjysk\/?page_id=18"},"modified":"2021-03-04T09:26:59","modified_gmt":"2021-03-04T08:26:59","slug":"velkommen","status":"publish","type":"page","link":"https:\/\/sct-g.dk\/vestjysk\/","title":{"rendered":"Om os"},"content":{"rendered":"\n<p><\/p>\n\n\n\n<h3 class=\"wp-block-heading\"><strong>Velkommen hos Sct. Georgs Gilderne i Danmark &#8211; Vestjysk Distrikt<\/strong><\/h3>\n\n\n\n<figure class=\"wp-block-image size-large\"><img loading=\"lazy\" decoding=\"async\" width=\"1024\" height=\"187\" src=\"https:\/\/sct-g.dk\/vestjysk\/wp-content\/uploads\/sites\/23\/2020\/09\/1162_212_group_museum-1024x187.jpg\" alt=\"\" class=\"wp-image-56\" srcset=\"https:\/\/sct-g.dk\/vestjysk\/wp-content\/uploads\/sites\/23\/2020\/09\/1162_212_group_museum-1024x187.jpg 1024w, https:\/\/sct-g.dk\/vestjysk\/wp-content\/uploads\/sites\/23\/2020\/09\/1162_212_group_museum-300x55.jpg 300w, https:\/\/sct-g.dk\/vestjysk\/wp-content\/uploads\/sites\/23\/2020\/09\/1162_212_group_museum-768x140.jpg 768w, https:\/\/sct-g.dk\/vestjysk\/wp-content\/uploads\/sites\/23\/2020\/09\/1162_212_group_museum.jpg 1162w\" sizes=\"auto, (max-width: 1024px) 100vw, 1024px\" \/><\/figure>\n\n\n\n<h5 class=\"has-normal-font-size wp-block-heading\">Vi er en del af Sct. Georgs Gilderne i Danmark, som blev stiftet i 1933.&nbsp;I Vestjyllands Distrikt vil vi gerne v\u00e6re noget for hinanden og samtidig g\u00f8re noget for os selv.&nbsp;Vi v\u00e6rner om vor natur, g\u00f8r noget godt for andre og fors\u00f8ger at blive bedre medmennesker&#8230;<br>VI ER GILDEBR\u00d8DRE.&nbsp;Vi kan lide at m\u00f8des, at have det sjovt, at blive en lille smule klogere p\u00e5 rigtig meget.&nbsp;Vi trives med gl\u00e6de og der er al mulig plads til mangfoldighed.&nbsp;Som gildebror kan du bl.a. deltage i:&nbsp;<\/h5>\n\n\n\n<ul class=\"wp-block-list\"><li>Naturlaug med vandreture, humanit\u00e6rt arbejde, flygtningeintegration<\/li><li>Indsamlinger, bl.a. af d\u00e5seringe til benproteser, leget\u00f8j mv. til Rum\u00e6nien, f\u00e5 et sponsorbarn, venskaber over gr\u00e6nser, f\u00e6llesskab i b\u00e5de ind- og udland og&nbsp;Fredslyset.<\/li><li>Spejdernetv\u00e6rk, herunder:&nbsp;\u00d8konomisk st\u00f8tte, arrangere lejre, l\u00f8b m.v., h\u00f8jskole, f\u00e6llesarrangementer med foredrag, udflugter, virksomhedsbes\u00f8g o.m.a.<\/li><\/ul>\n\n\n\n<h3 class=\"wp-block-heading\">Der er ogs\u00e5 plads til dig!<\/h3>\n\n\n\n<p class=\"has-text-align-right\"><a href=\"https:\/\/sct-g.dk\/wp-admin\">login<\/a><\/p>\n","protected":false},"excerpt":{"rendered":"<p>Velkommen hos Sct. Georgs Gilderne i Danmark &#8211; Vestjysk Distrikt Vi er en del af Sct. Georgs Gilderne i Danmark, som blev stiftet i 1933.&nbsp;I Vestjyllands Distrikt vil vi gerne v\u00e6re noget for hinanden og samtidig g\u00f8re noget for os <a class=\"more-link\" href=\"https:\/\/sct-g.dk\/vestjysk\/\">Forts\u00e6t l\u00e6sning  <span class=\"screen-reader-text\">  Om os<\/span><span class=\"meta-nav\">&rarr;<\/span><\/a><\/p>\n","protected":false},"author":26,"featured_media":0,"parent":0,"menu_order":0,"comment_status":"closed","ping_status":"closed","template":"","meta":{"footnotes":""},"class_list":["post-18","page","type-page","status-publish","hentry"],"_links":{"self":[{"href":"https:\/\/sct-g.dk\/vestjysk\/wp-json\/wp\/v2\/pages\/18","targetHints":{"allow":["GET"]}}],"collection":[{"href":"https:\/\/sct-g.dk\/vestjysk\/wp-json\/wp\/v2\/pages"}],"about":[{"href":"https:\/\/sct-g.dk\/vestjysk\/wp-json\/wp\/v2\/types\/page"}],"author":[{"embeddable":true,"href":"https:\/\/sct-g.dk\/vestjysk\/wp-json\/wp\/v2\/users\/26"}],"replies":[{"embeddable":true,"href":"https:\/\/sct-g.dk\/vestjysk\/wp-json\/wp\/v2\/comments?post=18"}],"version-history":[{"count":10,"href":"https:\/\/sct-g.dk\/vestjysk\/wp-json\/wp\/v2\/pages\/18\/revisions"}],"predecessor-version":[{"id":230,"href":"https:\/\/sct-g.dk\/vestjysk\/wp-json\/wp\/v2\/pages\/18\/revisions\/230"}],"wp:attachment":[{"href":"https:\/\/sct-g.dk\/vestjysk\/wp-json\/wp\/v2\/media?parent=18"}],"curies":[{"name":"wp","href":"https:\/\/api.w.org\/{rel}","templated":true}]}}