{"id":18,"date":"2014-02-11T13:22:55","date_gmt":"2014-02-11T13:22:55","guid":{"rendered":"http:\/\/sct-g.dk\/rungsted\/?page_id=18"},"modified":"2019-02-09T21:02:34","modified_gmt":"2019-02-09T21:02:34","slug":"rungstedgildet","status":"publish","type":"page","link":"https:\/\/sct-g.dk\/rungsted\/","title":{"rendered":"Rungstedgildet"},"content":{"rendered":"<p>Vi er gildebr\u00f8dre, m\u00e6nd og kvinder, i alderen 50 \u00e5r til 85 \u00e5r. Vi har den f\u00e6lles baggrund, at vi enten har v\u00e6ret spejdere eller kan g\u00e5 ind for de ideer som spejder- og gildebev\u00e6gelsen st\u00e5r for.<br \/>\nRungsted Gildet blev startet i 1971, nogle f\u00e5 af vores nuv\u00e6rende gildebr\u00f8dre har v\u00e6ret med fra starten.<br \/>\nP\u00e5 trods af at de fleste gildebr\u00f8dre bliver ved i mange \u00e5r, har vi en st\u00f8t tilgang af nye gildebr\u00f8dre, s\u00e5 vi har en fortsat udvikling, og vedligeholdelse af vores netv\u00e6rk.<\/p>\n<p>Der er 2 gilder i H\u00f8rsholm Kommune. Vi arbejder t\u00e6t sammen om st\u00f8rre arrangementer.<br \/>\nDer findes mange Sct. Georgsgilder i Danmark. Vi har en organisatorisk \u00f8verste ledelse, &#8211; Landsgildet. De enkelte gilder har deres egen gildeledelse, deres egen kultur og s\u00e6rpr\u00e6g.<\/p>\n<h6><strong>Vi er organiseret som i spejderbeg\u00e6gelsen<\/strong><br \/>\nVi arbejder i skiftende grupper, hvor vi aftaler et eller flere emner, som vi besk\u00e6ftiger os med.<br \/>\nVi arrangerer ture og kulturelle indslag p\u00e5 tv\u00e6rs af grupperne. Vi er et gilde, hvor mange medlemmerne stadig nyder at g\u00e5 i naturen.<\/h6>\n<p>Vi har hidtil v\u00e6ret mest kendt for vores indsats for b\u00f8rn og unge; herunder b\u00f8rnehaver og hj\u00e6lp til spejderne. Men vi er i den heldige situation, at kommunen har overtaget det arbejde for b\u00f8rn og unge, som vi startede. Derfor har vi i dag fokus p\u00e5 vores \u00e6ldre medborgere.Det er her vi kan bidrage mest med vores frivillige indsats.<\/p>\n<h5>&#8220;<strong>Kaffe med Gilderne&#8221;<\/strong><\/h5>\n<p>Fire gange om \u00e5ret inviterer vi beboerene p\u00e5 Sophielund, deres familier og evt. g\u00e6ster, og andre interesserede, til &#8220;Kaffe med Gilderne&#8221; Her byder vi p\u00e5 kaffe og hjemmelavede lagkager og \u00e6blekager. Vi har f\u00e6llessang og underholdning. B\u00e5de vi som gildebr\u00f8dre og vores g\u00e6ster nyder disse arrangementer. Der plejer at v\u00e6re 80 &#8211; 95 g\u00e6ster.<\/p>\n<h5><strong>G\u00e5 gruppe<\/strong><\/h5>\n<h6>Hver torsdag arrangerer vi en g\u00e5 tur. De gildebr\u00f8drene der deltager, skiftes til at arragere turene, s\u00e5 de bliver meget foreskelligartede. Vi g\u00e5r normalt mellem 3 og 5 kilometer.<\/h6>\n<p><strong>Netv\u00e6rk<\/strong><br \/>\nNoget af det vigtigste er, at vi har det godt sammen og kan slappe af i hinandens selskab.<br \/>\nDet venskab der opst\u00e5r, n\u00e5r man arbejder sammen p\u00e5 at l\u00f8se en opgave, betyder meget \u2013 man finder n\u00e6re venner b\u00e5de i gruppen og i gilderne, s\u00e5vel herhjemme som i udlandet, og dermed danner vi et enest\u00e5ende netv\u00e6rk for hinanden.<\/p>\n<p><strong>Vil du v\u00e6re med<\/strong><br \/>\nHar du lyst til at opleve det gode kammeratskab blandt ligesindede. Har du lyst til at holde dig aktiv og i vig\u00f8r. S\u00e5 grib muligheden, henvend dig til gildeledelsen. Du kan finde kontaktinformation under siden kontakt<\/p>\n<p>De vil s\u00f8rge for at du f\u00e5r kontakt til en gruppe, p\u00e5 den m\u00e5de kan du f\u00e5 indsigt i gildelivet og finde ud af om det er noget for dig.<\/p>\n","protected":false},"excerpt":{"rendered":"<p>Vi er gildebr\u00f8dre, m\u00e6nd og kvinder, i alderen 50 \u00e5r til 85 \u00e5r. Vi har den f\u00e6lles baggrund, at vi enten har v\u00e6ret spejdere eller kan g\u00e5 ind for de ideer som spejder- og gildebev\u00e6gelsen st\u00e5r for. Rungsted Gildet blev <a class=\"more-link\" href=\"https:\/\/sct-g.dk\/rungsted\/\">Forts\u00e6t l\u00e6sning  <span class=\"screen-reader-text\">  Rungstedgildet<\/span><span class=\"meta-nav\">&rarr;<\/span><\/a><\/p>\n","protected":false},"author":1,"featured_media":0,"parent":0,"menu_order":0,"comment_status":"closed","ping_status":"closed","template":"","meta":{"footnotes":""},"class_list":["post-18","page","type-page","status-publish","hentry"],"_links":{"self":[{"href":"https:\/\/sct-g.dk\/rungsted\/wp-json\/wp\/v2\/pages\/18","targetHints":{"allow":["GET"]}}],"collection":[{"href":"https:\/\/sct-g.dk\/rungsted\/wp-json\/wp\/v2\/pages"}],"about":[{"href":"https:\/\/sct-g.dk\/rungsted\/wp-json\/wp\/v2\/types\/page"}],"author":[{"embeddable":true,"href":"https:\/\/sct-g.dk\/rungsted\/wp-json\/wp\/v2\/users\/1"}],"replies":[{"embeddable":true,"href":"https:\/\/sct-g.dk\/rungsted\/wp-json\/wp\/v2\/comments?post=18"}],"version-history":[{"count":7,"href":"https:\/\/sct-g.dk\/rungsted\/wp-json\/wp\/v2\/pages\/18\/revisions"}],"predecessor-version":[{"id":158,"href":"https:\/\/sct-g.dk\/rungsted\/wp-json\/wp\/v2\/pages\/18\/revisions\/158"}],"wp:attachment":[{"href":"https:\/\/sct-g.dk\/rungsted\/wp-json\/wp\/v2\/media?parent=18"}],"curies":[{"name":"wp","href":"https:\/\/api.w.org\/{rel}","templated":true}]}}