{"id":14,"date":"2014-02-11T11:22:56","date_gmt":"2014-02-11T11:22:56","guid":{"rendered":"http:\/\/sct-g.dk\/hirtshals\/?page_id=14"},"modified":"2014-05-14T13:26:25","modified_gmt":"2014-05-14T13:26:25","slug":"sct-georgsgildet-i-hirsthals","status":"publish","type":"page","link":"https:\/\/sct-g.dk\/hirtshals\/","title":{"rendered":"Sct. Georgsgildet i Hirtshals"},"content":{"rendered":"<p>Hirtshals gildet byder dig velkommen\u00a0med et\u00a0billede af Hirtshals vartegn.<\/p>\n<figure id=\"attachment_16\" aria-describedby=\"caption-attachment-16\" style=\"width: 250px\" class=\"wp-caption alignright\"><a href=\"http:\/\/sct-g.dk\/hirtshals\/wp-content\/uploads\/sites\/13\/statue.jpg\" data-rel=\"lightbox-image-0\" data-rl_title=\"\" data-rl_caption=\"\" title=\"\"><img loading=\"lazy\" decoding=\"async\" class=\" wp-image-16   \" alt=\"Hirtshals vartegn\" src=\"http:\/\/sct-g.dk\/hirtshals\/wp-content\/uploads\/sites\/13\/statue-300x167.jpg\" width=\"250\" height=\"167\" \/><\/a><figcaption id=\"caption-attachment-16\" class=\"wp-caption-text\">Hirtshals vartegn<\/figcaption><\/figure>\n<p>Hirtshals gildet blev stiftet i 1964 med 2. Hj\u00f8rring gilde som modergilde. For \u00f8jeblikket t\u00e6ller gildet 40 medlemmer, og er s\u00e5ledes et stort og meget aktivt gilde.<\/p>\n<p>Vi er en samling af samling &#8220;gamle&#8221; spejdere, FDF&#8217;ere eller andre, der har tilsluttet sig<br \/>\nSct. Georgsgildernes m\u00e5ls\u00e6tning.<\/p>\n<p><strong>Form\u00e5let med Sct. Gildet i Hirtshals og alle gilder i Danmark<\/strong><\/p>\n<ul>\n<li>I f\u00e6llesskab at arbejde med personlig udvikling.<\/li>\n<li>at st\u00f8tte spejderarbejdet og l\u00f8se humanit\u00e6re og andre samfundsopgaver.<\/li>\n<li>at virke som et samlingssted, hvor forbindelsen med spejderbev\u00e6gelsen og gamle og nye kammerater kan vedligeholdes.<\/li>\n<li>at underst\u00f8tte den enkeltes str\u00e6ben i at leve efter spejder- og gildeidealerne.<\/li>\n<\/ul>\n<p>&nbsp;<\/p>\n","protected":false},"excerpt":{"rendered":"<p>Hirtshals gildet byder dig velkommen\u00a0med et\u00a0billede af Hirtshals vartegn. Hirtshals gildet blev stiftet i 1964 med 2. Hj\u00f8rring gilde som modergilde. For \u00f8jeblikket t\u00e6ller gildet 40 medlemmer, og er s\u00e5ledes et stort og meget aktivt gilde. Vi er en samling <a class=\"more-link\" href=\"https:\/\/sct-g.dk\/hirtshals\/\">Forts\u00e6t l\u00e6sning  <span class=\"screen-reader-text\">  Sct. Georgsgildet i Hirtshals<\/span><span class=\"meta-nav\">&rarr;<\/span><\/a><\/p>\n","protected":false},"author":1,"featured_media":0,"parent":0,"menu_order":0,"comment_status":"closed","ping_status":"closed","template":"","meta":{"footnotes":""},"class_list":["post-14","page","type-page","status-publish","hentry"],"_links":{"self":[{"href":"https:\/\/sct-g.dk\/hirtshals\/wp-json\/wp\/v2\/pages\/14","targetHints":{"allow":["GET"]}}],"collection":[{"href":"https:\/\/sct-g.dk\/hirtshals\/wp-json\/wp\/v2\/pages"}],"about":[{"href":"https:\/\/sct-g.dk\/hirtshals\/wp-json\/wp\/v2\/types\/page"}],"author":[{"embeddable":true,"href":"https:\/\/sct-g.dk\/hirtshals\/wp-json\/wp\/v2\/users\/1"}],"replies":[{"embeddable":true,"href":"https:\/\/sct-g.dk\/hirtshals\/wp-json\/wp\/v2\/comments?post=14"}],"version-history":[{"count":5,"href":"https:\/\/sct-g.dk\/hirtshals\/wp-json\/wp\/v2\/pages\/14\/revisions"}],"predecessor-version":[{"id":87,"href":"https:\/\/sct-g.dk\/hirtshals\/wp-json\/wp\/v2\/pages\/14\/revisions\/87"}],"wp:attachment":[{"href":"https:\/\/sct-g.dk\/hirtshals\/wp-json\/wp\/v2\/media?parent=14"}],"curies":[{"name":"wp","href":"https:\/\/api.w.org\/{rel}","templated":true}]}}