{"id":15,"date":"2013-09-27T07:53:02","date_gmt":"2013-09-27T07:53:02","guid":{"rendered":"http:\/\/sct-g.dk\/fredensborg\/?page_id=15"},"modified":"2013-09-27T08:10:59","modified_gmt":"2013-09-27T08:10:59","slug":"aktiviteter","status":"publish","type":"page","link":"https:\/\/sct-g.dk\/fredensborg\/aktiviteter\/","title":{"rendered":"Aktiviteter"},"content":{"rendered":"<p><strong>Siden 1. januar 2007<\/strong><br \/>\nFra \u00e5rsskiftet 2006\/2007 har Fredensborg Gildet og Humleb\u00e6k Gildet v\u00e6ret<br \/>\nlagt sammen til et gilde Fredensborg Sct. Georgs Gilde, de fleste af vore<br \/>\nm\u00f8der holdes i vores hytte i Humleb\u00e6k.<br \/>\nMen mange af vore aktiviteter foreg\u00e5r ogs\u00e5 andre steder. Gildebr\u00f8drene m\/k<br \/>\ner fordelt i grupper, der &#8220;lever deres eget liv&#8221;. Gruppem\u00f8derne holdes p\u00e5<br \/>\nskift i de private hjem ca. en gang om m\u00e5neden. Grupperne tager sig ogs\u00e5 af<br \/>\ndet praktiske i forbindelse med gildets m\u00f8der. St\u00f8rre arrangementer som<br \/>\nf.eks. den efterh\u00e5nden traditionelle og offentlige Nyt\u00e5rskoncert er vi f\u00e6lles om.<\/p>\n<p><img loading=\"lazy\" decoding=\"async\" class=\"size-full wp-image-36 alignnone\" alt=\"Image19\" src=\"http:\/\/sct-g.dk\/fredensborg\/wp-content\/uploads\/sites\/12\/Image19.jpg\" width=\"235\" height=\"178\" \/><\/p>\n<p>Som tidligere spejdere holder vi meget af naturen. Derfor holdes nogle af<br \/>\nm\u00f8derne i det fri med b\u00e5l, grill og hyggeligt kammeratligt samv\u00e6r.<br \/>\nF.eks. vort f\u00f8rste m\u00f8de efter sommerferien \u2013 hvor der jo kan v\u00e6re mange<br \/>\noplevelser at fort\u00e6lle om. Eller vort m\u00f8de lige f\u00f8r sommeren, hvor vi<br \/>\nholder en s\u00e5kaldt friluftsgildehal nogle gange med optagelse af nye<br \/>\ngildebr\u00f8dre.<\/p>\n<p><img loading=\"lazy\" decoding=\"async\" class=\"size-full wp-image-37 alignnone\" alt=\"Image20\" src=\"http:\/\/sct-g.dk\/fredensborg\/wp-content\/uploads\/sites\/12\/Image20.jpg\" width=\"235\" height=\"179\" \/><\/p>\n<p>Det er festligt, h\u00f8jtideligt og ikke mindst hyggeligt at v\u00e6re sammen<br \/>\nomkring b\u00e5lets flammer en sk\u00f8n sommeraften.<br \/>\nDesuden deltager vi Kronborg Distrikts arrangementer f.eks.: Rundskue og spejderl\u00f8b.<br \/>\nVi tager ogs\u00e5 i teater og p\u00e5 museumsbes\u00f8g m.m.<\/p>\n<p>PS ! Se i \u00f8vrigt vores <a href=\"http:\/\/sct-g.dk\/fredensborg\/events\/\">kalender<\/a>.<\/p>\n<p>.<\/p>\n","protected":false},"excerpt":{"rendered":"<p>Siden 1. januar 2007 Fra \u00e5rsskiftet 2006\/2007 har Fredensborg Gildet og Humleb\u00e6k Gildet v\u00e6ret lagt sammen til et gilde Fredensborg Sct. Georgs Gilde, de fleste af vore m\u00f8der holdes i vores hytte i Humleb\u00e6k. Men mange af vore aktiviteter foreg\u00e5r <a class=\"more-link\" href=\"https:\/\/sct-g.dk\/fredensborg\/aktiviteter\/\">Forts\u00e6t l\u00e6sning  <span class=\"screen-reader-text\">  Aktiviteter<\/span><span class=\"meta-nav\">&rarr;<\/span><\/a><\/p>\n","protected":false},"author":1,"featured_media":0,"parent":0,"menu_order":0,"comment_status":"closed","ping_status":"closed","template":"","meta":{"footnotes":""},"class_list":["post-15","page","type-page","status-publish","hentry"],"_links":{"self":[{"href":"https:\/\/sct-g.dk\/fredensborg\/wp-json\/wp\/v2\/pages\/15","targetHints":{"allow":["GET"]}}],"collection":[{"href":"https:\/\/sct-g.dk\/fredensborg\/wp-json\/wp\/v2\/pages"}],"about":[{"href":"https:\/\/sct-g.dk\/fredensborg\/wp-json\/wp\/v2\/types\/page"}],"author":[{"embeddable":true,"href":"https:\/\/sct-g.dk\/fredensborg\/wp-json\/wp\/v2\/users\/1"}],"replies":[{"embeddable":true,"href":"https:\/\/sct-g.dk\/fredensborg\/wp-json\/wp\/v2\/comments?post=15"}],"version-history":[{"count":6,"href":"https:\/\/sct-g.dk\/fredensborg\/wp-json\/wp\/v2\/pages\/15\/revisions"}],"predecessor-version":[{"id":41,"href":"https:\/\/sct-g.dk\/fredensborg\/wp-json\/wp\/v2\/pages\/15\/revisions\/41"}],"wp:attachment":[{"href":"https:\/\/sct-g.dk\/fredensborg\/wp-json\/wp\/v2\/media?parent=15"}],"curies":[{"name":"wp","href":"https:\/\/api.w.org\/{rel}","templated":true}]}}