{"id":134,"date":"2020-09-08T22:45:25","date_gmt":"2020-09-08T20:45:25","guid":{"rendered":"https:\/\/sct-g.dk\/esbjerg\/?page_id=134"},"modified":"2023-02-06T22:12:51","modified_gmt":"2023-02-06T21:12:51","slug":"asssenbaek-moelle","status":"publish","type":"page","link":"https:\/\/sct-g.dk\/esbjerg\/asssenbaek-moelle\/","title":{"rendered":"Asssenb\u00e6k M\u00f8lle"},"content":{"rendered":"\n<p><\/p>\n\n\n\n<figure class=\"wp-block-image size-large\"><img loading=\"lazy\" decoding=\"async\" width=\"731\" height=\"1024\" src=\"https:\/\/sct-g.dk\/esbjerg\/wp-content\/uploads\/sites\/20\/2023\/02\/IMG_3728-731x1024.jpeg\" alt=\"\" class=\"wp-image-161\" srcset=\"https:\/\/sct-g.dk\/esbjerg\/wp-content\/uploads\/sites\/20\/2023\/02\/IMG_3728-731x1024.jpeg 731w, https:\/\/sct-g.dk\/esbjerg\/wp-content\/uploads\/sites\/20\/2023\/02\/IMG_3728-214x300.jpeg 214w, https:\/\/sct-g.dk\/esbjerg\/wp-content\/uploads\/sites\/20\/2023\/02\/IMG_3728-768x1075.jpeg 768w, https:\/\/sct-g.dk\/esbjerg\/wp-content\/uploads\/sites\/20\/2023\/02\/IMG_3728-1097x1536.jpeg 1097w, https:\/\/sct-g.dk\/esbjerg\/wp-content\/uploads\/sites\/20\/2023\/02\/IMG_3728-1463x2048.jpeg 1463w, https:\/\/sct-g.dk\/esbjerg\/wp-content\/uploads\/sites\/20\/2023\/02\/IMG_3728-scaled.jpeg 1829w\" sizes=\"auto, (max-width: 731px) 100vw, 731px\" \/><\/figure>\n\n\n\n<p>En gang om \u00e5ret inviteredes spejdere fra Sct. Georgs Gildernes Sydvestjyske&nbsp;Distrikts omr\u00e5de til en begivenhedsfuld weekend p\u00e5 Assenb\u00e6k M\u00f8lle.<\/p>\n\n\n\n<ul class=\"wp-block-list\">\n<li>2018 Tema \u201cVikingerne\u201d.\u00a0Se billedkavalkade her.\u00a0<a href=\"https:\/\/fotobox.dk\/foto99\/3769-f5b69832cecca67a8a40373eea3f6e0b\">https:\/\/fotobox.dk\/foto99\/3769-f5b69832cecca67a8a40373eea3f6e0b<\/a><\/li>\n<\/ul>\n\n\n\n<ul class=\"wp-block-list\">\n<li>2019 Se billedkavalkade her<\/li>\n<\/ul>\n\n\n\n<p><a href=\"https:\/\/fotobox.dk\/foto99\/3769-33304bc08ff8d7d3751768b133b0742b\">https:\/\/fotobox.dk\/foto99\/3769-33304bc08ff8d7d3751768b133b0742b<\/a><\/p>\n\n\n\n<ul class=\"wp-block-list\">\n<li>2021 Se billedkavalkade her<\/li>\n<\/ul>\n\n\n\n<p><a href=\"https:\/\/fotobox.dk\/foto99\/3769-691bbe92eeb528911fce40770da448d6\">https:\/\/fotobox.dk\/foto99\/3769-691bbe92eeb528911fce40770da448d6<\/a><\/p>\n\n\n\n<ul class=\"wp-block-list\">\n<li>2022 Tema \u201cNybyggernre p\u00e5 Assenb\u00e6k\u201d. Se billedkavalkade her<strong><u><\/u><\/strong><\/li>\n<\/ul>\n\n\n\n<p><a href=\"https:\/\/fotobox.dk\/foto99\/3769-61ac6cfa8927256a143e522020d17784\">https:\/\/fotobox.dk\/foto99\/3769-61ac6cfa8927256a143e522020d17784<\/a><\/p>\n\n\n\n<p><\/p>\n\n\n\n<p><\/p>\n\n\n\n<p><\/p>\n\n\n\n<p><\/p>\n","protected":false},"excerpt":{"rendered":"<p>En gang om \u00e5ret inviteredes spejdere fra Sct. Georgs Gildernes Sydvestjyske&nbsp;Distrikts omr\u00e5de til en begivenhedsfuld weekend p\u00e5 Assenb\u00e6k M\u00f8lle. https:\/\/fotobox.dk\/foto99\/3769-33304bc08ff8d7d3751768b133b0742b https:\/\/fotobox.dk\/foto99\/3769-691bbe92eeb528911fce40770da448d6 https:\/\/fotobox.dk\/foto99\/3769-61ac6cfa8927256a143e522020d17784<\/p>\n","protected":false},"author":24,"featured_media":0,"parent":0,"menu_order":0,"comment_status":"closed","ping_status":"closed","template":"","meta":{"footnotes":""},"class_list":["post-134","page","type-page","status-publish","hentry"],"_links":{"self":[{"href":"https:\/\/sct-g.dk\/esbjerg\/wp-json\/wp\/v2\/pages\/134","targetHints":{"allow":["GET"]}}],"collection":[{"href":"https:\/\/sct-g.dk\/esbjerg\/wp-json\/wp\/v2\/pages"}],"about":[{"href":"https:\/\/sct-g.dk\/esbjerg\/wp-json\/wp\/v2\/types\/page"}],"author":[{"embeddable":true,"href":"https:\/\/sct-g.dk\/esbjerg\/wp-json\/wp\/v2\/users\/24"}],"replies":[{"embeddable":true,"href":"https:\/\/sct-g.dk\/esbjerg\/wp-json\/wp\/v2\/comments?post=134"}],"version-history":[{"count":6,"href":"https:\/\/sct-g.dk\/esbjerg\/wp-json\/wp\/v2\/pages\/134\/revisions"}],"predecessor-version":[{"id":171,"href":"https:\/\/sct-g.dk\/esbjerg\/wp-json\/wp\/v2\/pages\/134\/revisions\/171"}],"wp:attachment":[{"href":"https:\/\/sct-g.dk\/esbjerg\/wp-json\/wp\/v2\/media?parent=134"}],"curies":[{"name":"wp","href":"https:\/\/api.w.org\/{rel}","templated":true}]}}