{"id":102,"date":"2020-09-07T19:58:35","date_gmt":"2020-09-07T17:58:35","guid":{"rendered":"https:\/\/sct-g.dk\/esbjerg\/?page_id=102"},"modified":"2023-02-06T08:53:04","modified_gmt":"2023-02-06T07:53:04","slug":"gildehuset-i-esbjerg","status":"publish","type":"page","link":"https:\/\/sct-g.dk\/esbjerg\/gildehuset-i-esbjerg\/","title":{"rendered":"Gildehuset i Esbjerg"},"content":{"rendered":"\n<h2 class=\"wp-block-heading\"><strong>Huset p\u00e5 Bakkevej<\/strong><\/h2>\n\n\n\n<p>Huset ligger i en klynge sammen med 4 andre \u201dspejderhuse\u201d. Omr\u00e5det p\u00e5 Bakkevej bruges flittigt af de forskellige spejdergrupper. Huset blev overtaget fra DDS i 1981 og blev indrettet til \u201dgildeform\u00e5l\u201d. Huset ben\u00e6vnes i daglig tale Gildehuset.<\/p>\n\n\n\n<figure class=\"wp-block-image size-large\"><img loading=\"lazy\" decoding=\"async\" width=\"1024\" height=\"682\" src=\"https:\/\/sct-g.dk\/esbjerg\/wp-content\/uploads\/sites\/20\/2023\/02\/IMG_6273-1024x682.jpeg\" alt=\"\" class=\"wp-image-165\" srcset=\"https:\/\/sct-g.dk\/esbjerg\/wp-content\/uploads\/sites\/20\/2023\/02\/IMG_6273-1024x682.jpeg 1024w, https:\/\/sct-g.dk\/esbjerg\/wp-content\/uploads\/sites\/20\/2023\/02\/IMG_6273-300x200.jpeg 300w, https:\/\/sct-g.dk\/esbjerg\/wp-content\/uploads\/sites\/20\/2023\/02\/IMG_6273-768x512.jpeg 768w, https:\/\/sct-g.dk\/esbjerg\/wp-content\/uploads\/sites\/20\/2023\/02\/IMG_6273.jpeg 1280w\" sizes=\"auto, (max-width: 1024px) 100vw, 1024px\" \/><\/figure>\n\n\n\n<p>Huset er indrettet med et forrum og gildesal p\u00e5 1. salen og garderobe, toiletter, k\u00f8kken og spisestue i k\u00e6lderetagen.<br><br>Huset bruges til vore gildeaktiviteter, bl. a. gildehaller, gildem\u00f8der, gruppem\u00f8der, planl\u00e6gningsm\u00f8der, indsamlingsm\u00f8dested, \u201dmimre\u201dm\u00f8der. Spejderne og andre relaterede bruger ogs\u00e5 huset.<br><br>I 2015 er der installeret elevator mv for at lette adgangen for gangbesv\u00e6rede.<\/p>\n","protected":false},"excerpt":{"rendered":"<p>Huset p\u00e5 Bakkevej Huset ligger i en klynge sammen med 4 andre \u201dspejderhuse\u201d. Omr\u00e5det p\u00e5 Bakkevej bruges flittigt af de forskellige spejdergrupper. Huset blev overtaget fra DDS i 1981 og blev indrettet til \u201dgildeform\u00e5l\u201d. Huset ben\u00e6vnes i daglig tale Gildehuset. <a class=\"more-link\" href=\"https:\/\/sct-g.dk\/esbjerg\/gildehuset-i-esbjerg\/\">Forts\u00e6t l\u00e6sning  <span class=\"screen-reader-text\">  Gildehuset i Esbjerg<\/span><span class=\"meta-nav\">&rarr;<\/span><\/a><\/p>\n","protected":false},"author":24,"featured_media":0,"parent":0,"menu_order":0,"comment_status":"closed","ping_status":"closed","template":"","meta":{"footnotes":""},"class_list":["post-102","page","type-page","status-publish","hentry"],"_links":{"self":[{"href":"https:\/\/sct-g.dk\/esbjerg\/wp-json\/wp\/v2\/pages\/102","targetHints":{"allow":["GET"]}}],"collection":[{"href":"https:\/\/sct-g.dk\/esbjerg\/wp-json\/wp\/v2\/pages"}],"about":[{"href":"https:\/\/sct-g.dk\/esbjerg\/wp-json\/wp\/v2\/types\/page"}],"author":[{"embeddable":true,"href":"https:\/\/sct-g.dk\/esbjerg\/wp-json\/wp\/v2\/users\/24"}],"replies":[{"embeddable":true,"href":"https:\/\/sct-g.dk\/esbjerg\/wp-json\/wp\/v2\/comments?post=102"}],"version-history":[{"count":4,"href":"https:\/\/sct-g.dk\/esbjerg\/wp-json\/wp\/v2\/pages\/102\/revisions"}],"predecessor-version":[{"id":166,"href":"https:\/\/sct-g.dk\/esbjerg\/wp-json\/wp\/v2\/pages\/102\/revisions\/166"}],"wp:attachment":[{"href":"https:\/\/sct-g.dk\/esbjerg\/wp-json\/wp\/v2\/media?parent=102"}],"curies":[{"name":"wp","href":"https:\/\/api.w.org\/{rel}","templated":true}]}}