{"id":28,"date":"2013-05-14T11:19:25","date_gmt":"2013-05-14T11:19:25","guid":{"rendered":"http:\/\/sct-g.dk\/bramming\/?page_id=28"},"modified":"2021-05-27T13:52:48","modified_gmt":"2021-05-27T13:52:48","slug":"aktiviteter","status":"publish","type":"page","link":"https:\/\/sct-g.dk\/bramming\/velkommen-til-bramming-gildet\/aktiviteter\/","title":{"rendered":"Aktiviteter"},"content":{"rendered":"\n<p><strong><strong>Spejderweekend i Assenb\u00e6k<\/strong><br><\/strong>Hvert \u00e5r den 3. weekend i september deltager vi i spejderweekenden i Assenb\u00e6k.<br>Det er en weekend for spejdere og FDF i alle aldre, hvor der er flere forskellige l\u00f8b, alt efter hvor gamle b\u00f8rnene er.<\/p>\n\n\n\n<div class=\"wp-block-columns is-layout-flex wp-container-core-columns-is-layout-9d6595d7 wp-block-columns-is-layout-flex\">\n<div class=\"wp-block-column is-layout-flow wp-block-column-is-layout-flow\">\n<figure class=\"wp-block-image size-large\"><img loading=\"lazy\" decoding=\"async\" width=\"253\" height=\"190\" src=\"https:\/\/sct-g.dk\/bramming\/wp-content\/uploads\/sites\/3\/seneste-okt.-2009-039.gif\" alt=\"\" class=\"wp-image-324\" \/><\/figure>\n<\/div>\n\n\n\n<div class=\"wp-block-column is-layout-flow wp-block-column-is-layout-flow\">\n<figure class=\"wp-block-image size-large\"><img loading=\"lazy\" decoding=\"async\" width=\"253\" height=\"190\" src=\"https:\/\/sct-g.dk\/bramming\/wp-content\/uploads\/sites\/3\/P9180391.gif\" alt=\"\" class=\"wp-image-325\" \/><\/figure>\n<\/div>\n\n\n\n<div class=\"wp-block-column is-layout-flow wp-block-column-is-layout-flow\">\n<figure class=\"wp-block-image size-large\"><img loading=\"lazy\" decoding=\"async\" width=\"253\" height=\"190\" src=\"https:\/\/sct-g.dk\/bramming\/wp-content\/uploads\/sites\/3\/P9180412.gif\" alt=\"\" class=\"wp-image-326\" \/><\/figure>\n<\/div>\n<\/div>\n\n\n\n<div class=\"wp-block-columns is-layout-flex wp-container-core-columns-is-layout-9d6595d7 wp-block-columns-is-layout-flex\">\n<div class=\"wp-block-column is-layout-flow wp-block-column-is-layout-flow\">\n<p><strong>Carausius Morosus<\/strong><br>(som betyder vandrende pind) er en glad vandrer, som altid sl\u00e5r f\u00f8lge med vindere. Den elsker naturen og vandrer videre med vinderen af &#8211; en tur i naturen. Vinderen af Carausius Morosus forpligter sig til, inden for et \u00e5r, at arrangere en ny tur. Det var Per Timmermann, som havde den velpudsede knortek\u00e6p, der f\u00f8rste gang i 1987 blev overrakt til S\u00f8ren Peter, da han gik af som kansler.<\/p>\n\n\n\n<p>I \u00e5r gik turen til Mosevr\u00e5 kirke, hvor vi s\u00e5 hvordan Kjeld arbejder med sine bier. Senere hyggede vi os med grill mad<\/p>\n<\/div>\n\n\n\n<div class=\"wp-block-column is-layout-flow wp-block-column-is-layout-flow\">\n<figure class=\"wp-block-image size-large\"><a href=\"https:\/\/sct-g.dk\/bramming\/wp-content\/uploads\/sites\/3\/carausius-2020-1.jpg\" data-rel=\"lightbox-image-0\" data-rl_title=\"\" data-rl_caption=\"\" title=\"\"><img loading=\"lazy\" decoding=\"async\" width=\"646\" height=\"925\" src=\"https:\/\/sct-g.dk\/bramming\/wp-content\/uploads\/sites\/3\/carausius-2020-1.jpg\" alt=\"\" class=\"wp-image-367\" srcset=\"https:\/\/sct-g.dk\/bramming\/wp-content\/uploads\/sites\/3\/carausius-2020-1.jpg 646w, https:\/\/sct-g.dk\/bramming\/wp-content\/uploads\/sites\/3\/carausius-2020-1-210x300.jpg 210w\" sizes=\"auto, (max-width: 646px) 100vw, 646px\" \/><\/a><\/figure>\n<\/div>\n<\/div>\n\n\n\n<div class=\"wp-block-columns is-layout-flex wp-container-core-columns-is-layout-9d6595d7 wp-block-columns-is-layout-flex\">\n<div class=\"wp-block-column is-layout-flow wp-block-column-is-layout-flow\">\n<p><strong>\u00c6ldrearrangement bliver hvert&nbsp; \u00e5r afholdt&nbsp;en l\u00f8rdag sidst i&nbsp;januar i Sogneg\u00e5rden.<\/strong><br>Vore g\u00e6ster bliver&nbsp;hentet og budt p\u00e5 boller og 11 forskellige lagkager.&nbsp;Der vil v\u00e6re&nbsp;underholdning, og man hygger sig&nbsp;\u2013 en herlig eftermiddag. Efter hjemk\u00f8rsel og oprydning&nbsp;er der f\u00e6lles pizzaspisning. Dejlig hyggelig afslutning p\u00e5 en fin gildedag.<\/p>\n<\/div>\n\n\n\n<div class=\"wp-block-column is-layout-flow wp-block-column-is-layout-flow\">\n<figure class=\"wp-block-image size-large\"><img loading=\"lazy\" decoding=\"async\" width=\"686\" height=\"411\" src=\"https:\/\/sct-g.dk\/bramming\/wp-content\/uploads\/sites\/3\/aeldrearr_15_1.png\" alt=\"\" class=\"wp-image-307\" srcset=\"https:\/\/sct-g.dk\/bramming\/wp-content\/uploads\/sites\/3\/aeldrearr_15_1.png 686w, https:\/\/sct-g.dk\/bramming\/wp-content\/uploads\/sites\/3\/aeldrearr_15_1-300x179.png 300w\" sizes=\"auto, (max-width: 686px) 100vw, 686px\" \/><\/figure>\n\n\n\n<figure class=\"wp-block-image size-large\"><img loading=\"lazy\" decoding=\"async\" width=\"844\" height=\"482\" src=\"https:\/\/sct-g.dk\/bramming\/wp-content\/uploads\/sites\/3\/aeldrearr_15_2.png\" alt=\"\" class=\"wp-image-308\" srcset=\"https:\/\/sct-g.dk\/bramming\/wp-content\/uploads\/sites\/3\/aeldrearr_15_2.png 844w, https:\/\/sct-g.dk\/bramming\/wp-content\/uploads\/sites\/3\/aeldrearr_15_2-300x171.png 300w\" sizes=\"auto, (max-width: 844px) 100vw, 844px\" \/><\/figure>\n<\/div>\n<\/div>\n\n\n\n<div class=\"wp-block-columns is-layout-flex wp-container-core-columns-is-layout-9d6595d7 wp-block-columns-is-layout-flex\">\n<div class=\"wp-block-column is-layout-flow wp-block-column-is-layout-flow\">\n<p><strong>Kulturnat i Bramming<\/strong><br>Hvert \u00e5r deltager vi med en event i naturnatten i Bramming.<\/p>\n<\/div>\n\n\n\n<div class=\"wp-block-column is-layout-flow wp-block-column-is-layout-flow\">\n<figure class=\"wp-block-image size-large is-resized\"><img loading=\"lazy\" decoding=\"async\" src=\"https:\/\/sct-g.dk\/bramming\/wp-content\/uploads\/sites\/3\/foto5_9_14.jpg\" alt=\"\" class=\"wp-image-299\" width=\"279\" height=\"374\" \/><\/figure>\n<\/div>\n<\/div>\n\n\n\n<div class=\"wp-block-columns is-layout-flex wp-container-core-columns-is-layout-9d6595d7 wp-block-columns-is-layout-flex\">\n<div class=\"wp-block-column is-layout-flow wp-block-column-is-layout-flow\" style=\"flex-basis:66.66%\">\n<p><strong>\u00c5rets foto<\/strong><br>Hvert \u00e5r har fotolauget til opgave at finde \u00e5rets foto ud fra en begivenhed, som har fundet sted i l\u00f8bet af \u00e5ret.<\/p>\n<\/div>\n\n\n\n<div class=\"wp-block-column is-layout-flow wp-block-column-is-layout-flow\" style=\"flex-basis:33.33%\">\n<figure class=\"wp-block-image size-large is-resized\"><a href=\"https:\/\/sct-g.dk\/bramming\/wp-content\/uploads\/sites\/3\/Aarets-foto-2020.jpg\" data-rel=\"lightbox-image-1\" data-rl_title=\"\" data-rl_caption=\"\" title=\"\"><img loading=\"lazy\" decoding=\"async\" src=\"https:\/\/sct-g.dk\/bramming\/wp-content\/uploads\/sites\/3\/Aarets-foto-2020.jpg\" alt=\"\" class=\"wp-image-380\" width=\"385\" height=\"543\" srcset=\"https:\/\/sct-g.dk\/bramming\/wp-content\/uploads\/sites\/3\/Aarets-foto-2020.jpg 457w, https:\/\/sct-g.dk\/bramming\/wp-content\/uploads\/sites\/3\/Aarets-foto-2020-212x300.jpg 212w\" sizes=\"auto, (max-width: 385px) 100vw, 385px\" \/><\/a><figcaption>Tommy pr\u00f8ver at smelte chokoladen over et stearinlys<\/figcaption><\/figure>\n<\/div>\n<\/div>\n","protected":false},"excerpt":{"rendered":"<p>Spejderweekend i Assenb\u00e6kHvert \u00e5r den 3. weekend i september deltager vi i spejderweekenden i Assenb\u00e6k.Det er en weekend for spejdere og FDF i alle aldre, hvor der er flere forskellige l\u00f8b, alt efter hvor gamle b\u00f8rnene er. Carausius Morosus(som betyder <a class=\"more-link\" href=\"https:\/\/sct-g.dk\/bramming\/velkommen-til-bramming-gildet\/aktiviteter\/\">Forts\u00e6t l\u00e6sning  <span class=\"screen-reader-text\">  Aktiviteter<\/span><span class=\"meta-nav\">&rarr;<\/span><\/a><\/p>\n","protected":false},"author":1,"featured_media":365,"parent":22,"menu_order":0,"comment_status":"closed","ping_status":"closed","template":"","meta":{"footnotes":""},"class_list":["post-28","page","type-page","status-publish","has-post-thumbnail","hentry"],"_links":{"self":[{"href":"https:\/\/sct-g.dk\/bramming\/wp-json\/wp\/v2\/pages\/28","targetHints":{"allow":["GET"]}}],"collection":[{"href":"https:\/\/sct-g.dk\/bramming\/wp-json\/wp\/v2\/pages"}],"about":[{"href":"https:\/\/sct-g.dk\/bramming\/wp-json\/wp\/v2\/types\/page"}],"author":[{"embeddable":true,"href":"https:\/\/sct-g.dk\/bramming\/wp-json\/wp\/v2\/users\/1"}],"replies":[{"embeddable":true,"href":"https:\/\/sct-g.dk\/bramming\/wp-json\/wp\/v2\/comments?post=28"}],"version-history":[{"count":45,"href":"https:\/\/sct-g.dk\/bramming\/wp-json\/wp\/v2\/pages\/28\/revisions"}],"predecessor-version":[{"id":385,"href":"https:\/\/sct-g.dk\/bramming\/wp-json\/wp\/v2\/pages\/28\/revisions\/385"}],"up":[{"embeddable":true,"href":"https:\/\/sct-g.dk\/bramming\/wp-json\/wp\/v2\/pages\/22"}],"wp:featuredmedia":[{"embeddable":true,"href":"https:\/\/sct-g.dk\/bramming\/wp-json\/wp\/v2\/media\/365"}],"wp:attachment":[{"href":"https:\/\/sct-g.dk\/bramming\/wp-json\/wp\/v2\/media?parent=28"}],"curies":[{"name":"wp","href":"https:\/\/api.w.org\/{rel}","templated":true}]}}