{"id":20,"date":"2013-05-15T08:51:24","date_gmt":"2013-05-15T08:51:24","guid":{"rendered":"http:\/\/sct-g.dk\/2vejle\/?page_id=20"},"modified":"2020-09-11T11:19:03","modified_gmt":"2020-09-11T11:19:03","slug":"aktiviteter","status":"publish","type":"page","link":"https:\/\/sct-g.dk\/2vejle\/2-vejle\/aktiviteter\/","title":{"rendered":"Aktiviteter"},"content":{"rendered":"\n<h3 class=\"wp-block-heading\">Vores aktiviteter i gildet<\/h3>\n\n\n<p><strong>\u00a0Gildehal<\/strong><br \/>Vi m\u00f8des i gildehal 6 gange \u00e5rligt. Det er her vi bekr\u00e6fter hinanden i gildearbejdet og f\u00e5r tanker og inspiration til udviklingen af os selv som gildebr\u00f8dre og mennesker.<br \/>I gildehallen finder bl.a. nyoptagelser sted.<br \/>I eftergildehallen tages h\u00e5nd om det sociale f\u00e6llesskab p\u00e5 tv\u00e6rs af de grupper, der ellers danner rammen om gildets sociale liv.<br \/><strong><br \/>Gildem\u00f8de<\/strong><br \/>Det er aftener med meget forskelligt indhold, f.eks. foredrag, virksomhedsbes\u00f8g osv. &#8211; ja, faktisk er der ingen begr\u00e6nsning for de gode id\u00e9er.<br \/><strong><br \/>Gruppem\u00f8der<\/strong><br \/>Gildets medlemmer er opdelt i et antal grupper &#8211; ligesom patruljerne i en spejdertrop. Grupperne bestemmer selv deres aktiviteter, og ogs\u00e5 p\u00e5 dette omr\u00e5de sprudler fantasien og virkelysten. Grupperne holder normalt m\u00f8de i medlemmernes private hjem, og vi l\u00e6gger v\u00e6gt p\u00e5, at arrangementerne \u00f8konomisk ligger p\u00e5 et plan, hvor alle kan v\u00e6re med.<\/p>\n<p><strong>Naturgruppen er ofte p\u00e5 ture arrangeret af Skov- og Naturstyrelsen<\/strong><\/p>\n<div id='gallery-1' class='gallery galleryid-20 gallery-columns-3 gallery-size-thumbnail'><figure class='gallery-item'>\n\t\t\t<div class='gallery-icon landscape'>\n\t\t\t\t<a href='https:\/\/sct-g.dk\/2vejle\/wp-content\/uploads\/sites\/5\/foto1.jpg' title=\"\" data-rl_title=\"\" class=\"rl-gallery-link\" data-rl_caption=\"\" data-rel=\"lightbox-gallery-1\"><img loading=\"lazy\" decoding=\"async\" width=\"150\" height=\"150\" src=\"https:\/\/sct-g.dk\/2vejle\/wp-content\/uploads\/sites\/5\/foto1-150x150.jpg\" class=\"attachment-thumbnail size-thumbnail\" alt=\"\" \/><\/a>\n\t\t\t<\/div><\/figure><figure class='gallery-item'>\n\t\t\t<div class='gallery-icon landscape'>\n\t\t\t\t<a href='https:\/\/sct-g.dk\/2vejle\/wp-content\/uploads\/sites\/5\/foto2.jpg' title=\"\" data-rl_title=\"\" class=\"rl-gallery-link\" data-rl_caption=\"\" data-rel=\"lightbox-gallery-1\"><img loading=\"lazy\" decoding=\"async\" width=\"150\" height=\"150\" src=\"https:\/\/sct-g.dk\/2vejle\/wp-content\/uploads\/sites\/5\/foto2-150x150.jpg\" class=\"attachment-thumbnail size-thumbnail\" alt=\"\" \/><\/a>\n\t\t\t<\/div><\/figure><figure class='gallery-item'>\n\t\t\t<div class='gallery-icon landscape'>\n\t\t\t\t<a href='https:\/\/sct-g.dk\/2vejle\/wp-content\/uploads\/sites\/5\/foto3.jpg' title=\"\" data-rl_title=\"\" class=\"rl-gallery-link\" data-rl_caption=\"\" data-rel=\"lightbox-gallery-1\"><img loading=\"lazy\" decoding=\"async\" width=\"150\" height=\"150\" src=\"https:\/\/sct-g.dk\/2vejle\/wp-content\/uploads\/sites\/5\/foto3-150x150.jpg\" class=\"attachment-thumbnail size-thumbnail\" alt=\"\" \/><\/a>\n\t\t\t<\/div><\/figure>\n\t\t<\/div>\n\n<p><strong>Det \u00e5rlige spejderl\u00f8b<\/strong><br \/>er en rigtig god aktivitet hvor gildebr\u00f8drene i alle 3 Vejlegilder er f\u00e6lles om at afholde et sp\u00e6ndende l\u00f8b for omr\u00e5dets spejdergrupper. I 2016 blev spejderl\u00f8bet afholdt p\u00e5 Vingsteds historiske v\u00e6rksted i 2017 det p\u00e5 Haraldsk\u00e6r i Vejle \u00c5dal og i 2019 ved Tirsb\u00e6k Slot, skov og strand.<\/p>\n<p><a style=\"font-style: normal; line-height: 24.375px; text-decoration: underline;\" href=\"http:\/\/sct-g.dk\/2vejle\/wp-content\/uploads\/sites\/5\/Spejderl\u00f8b-Sct.-Georgs-Gilderne-i-Vejle.jpg\" data-rel=\"lightbox-image-3\" data-rl_title=\"\" data-rl_caption=\"\" title=\"\"><img loading=\"lazy\" decoding=\"async\" class=\"size-medium wp-image-145 aligncenter\" style=\"border-color: #bbbbbb; background: #eeeeee;\" src=\"http:\/\/sct-g.dk\/2vejle\/wp-content\/uploads\/sites\/5\/Spejderl\u00f8b-Sct.-Georgs-Gilderne-i-Vejle-300x168.jpg\" alt=\"Spejderl\u00f8b Sct. Georgs Gilderne i Vejle\" width=\"300\" height=\"168\" srcset=\"https:\/\/sct-g.dk\/2vejle\/wp-content\/uploads\/sites\/5\/Spejderl\u00f8b-Sct.-Georgs-Gilderne-i-Vejle-300x168.jpg 300w, https:\/\/sct-g.dk\/2vejle\/wp-content\/uploads\/sites\/5\/Spejderl\u00f8b-Sct.-Georgs-Gilderne-i-Vejle.jpg 475w\" sizes=\"auto, (max-width: 300px) 100vw, 300px\" \/><\/a><strong>Vejle Lydavis<br \/><\/strong>Produceres af Sct. Georgs Gilderne i samarbejde med Vejle Kommune og Dansk Blindesamfund. Vejle Lydavis bringer Lokale nyheder fra Vejle Amts Folkeblad og henvender sig til blinde og svagtseende i hele Vejle Kommune. Lydavisen sendes p\u00e5 en CD-rom med indl\u00e6ste avisartikler og udkommer hver mandag og torsdag \u00e5ret rundt<br \/><a href=\"http:\/\/sct-g.dk\/2vejle\/wp-content\/uploads\/sites\/5\/Logo-med-lilje.jpg\" data-rel=\"lightbox-image-4\" data-rl_title=\"\" data-rl_caption=\"\" title=\"\"><img loading=\"lazy\" decoding=\"async\" style=\"width: 188px; height: 131px;\" src=\"http:\/\/sct-g.dk\/2vejle\/wp-content\/uploads\/sites\/5\/Logo-med-lilje.jpg\" alt=\"Logo med lilje\" width=\"291\" height=\"236\" \/><\/a>\u00a0\u00a0 \u00a0\u00a0\u00a0\u00a0\u00a0\u00a0 <a href=\"http:\/\/sct-g.dk\/2vejle\/wp-content\/uploads\/sites\/5\/Sct.-Georg-sommer.jpg\" data-rel=\"lightbox-image-5\" data-rl_title=\"\" data-rl_caption=\"\" title=\"\"><img loading=\"lazy\" decoding=\"async\" style=\"width: 194px; height: 130px;\" src=\"http:\/\/sct-g.dk\/2vejle\/wp-content\/uploads\/sites\/5\/Sct.-Georg-sommer-300x228.jpg\" alt=\"Sct. Georg sommer\" width=\"300\" height=\"167\" \/><\/a><br \/>Vejle Lydavis udkom f\u00f8rste gang i februar 2004 ikke blot\u00a0til stor gl\u00e6de for vores blinde og svagtseende borgere, men ogs\u00e5 for de frivillige der er med til at g\u00f8re en indsats til gl\u00e6de for andre mennesker. Vejle Lydavis indl\u00e6ser ogs\u00e5 medlemsbladet Sct. Georg.<\/p>","protected":false},"excerpt":{"rendered":"<p>Vores aktiviteter i gildet \u00a0GildehalVi m\u00f8des i gildehal 6 gange \u00e5rligt. Det er her vi bekr\u00e6fter hinanden i gildearbejdet og f\u00e5r tanker og inspiration til udviklingen af os selv som gildebr\u00f8dre og mennesker.I gildehallen finder bl.a. nyoptagelser sted.I eftergildehallen tages <a class=\"more-link\" href=\"https:\/\/sct-g.dk\/2vejle\/2-vejle\/aktiviteter\/\">Forts\u00e6t l\u00e6sning  <span class=\"screen-reader-text\">  Aktiviteter<\/span><span class=\"meta-nav\">&rarr;<\/span><\/a><\/p>\n","protected":false},"author":1,"featured_media":0,"parent":18,"menu_order":0,"comment_status":"closed","ping_status":"closed","template":"","meta":{"footnotes":""},"class_list":["post-20","page","type-page","status-publish","hentry"],"_links":{"self":[{"href":"https:\/\/sct-g.dk\/2vejle\/wp-json\/wp\/v2\/pages\/20","targetHints":{"allow":["GET"]}}],"collection":[{"href":"https:\/\/sct-g.dk\/2vejle\/wp-json\/wp\/v2\/pages"}],"about":[{"href":"https:\/\/sct-g.dk\/2vejle\/wp-json\/wp\/v2\/types\/page"}],"author":[{"embeddable":true,"href":"https:\/\/sct-g.dk\/2vejle\/wp-json\/wp\/v2\/users\/1"}],"replies":[{"embeddable":true,"href":"https:\/\/sct-g.dk\/2vejle\/wp-json\/wp\/v2\/comments?post=20"}],"version-history":[{"count":33,"href":"https:\/\/sct-g.dk\/2vejle\/wp-json\/wp\/v2\/pages\/20\/revisions"}],"predecessor-version":[{"id":365,"href":"https:\/\/sct-g.dk\/2vejle\/wp-json\/wp\/v2\/pages\/20\/revisions\/365"}],"up":[{"embeddable":true,"href":"https:\/\/sct-g.dk\/2vejle\/wp-json\/wp\/v2\/pages\/18"}],"wp:attachment":[{"href":"https:\/\/sct-g.dk\/2vejle\/wp-json\/wp\/v2\/media?parent=20"}],"curies":[{"name":"wp","href":"https:\/\/api.w.org\/{rel}","templated":true}]}}